{"id":9139,"date":"2026-03-04T13:51:02","date_gmt":"2026-03-04T13:51:02","guid":{"rendered":"https:\/\/www.cabinwood.de\/?page_id=9139"},"modified":"2026-03-04T13:52:27","modified_gmt":"2026-03-04T13:52:27","slug":"data-protection","status":"publish","type":"page","link":"https:\/\/www.cabinwood.de\/en\/datenschutz\/","title":{"rendered":"Data protection"},"content":{"rendered":"<div data-elementor-type=\"wp-page\" data-elementor-id=\"9139\" class=\"elementor elementor-9139\" data-elementor-post-type=\"page\">\n\t\t\t\t<div class=\"elementor-element elementor-element-84aab67 e-flex e-con-boxed e-con e-parent\" data-id=\"84aab67\" data-element_type=\"container\" data-e-type=\"container\" data-settings=\"{&quot;background_background&quot;:&quot;classic&quot;}\">\n\t\t\t\t\t<div class=\"e-con-inner\">\n\t\t\t\t<div class=\"elementor-element elementor-element-88bd63c elementor-widget elementor-widget-heading\" data-id=\"88bd63c\" data-element_type=\"widget\" data-e-type=\"widget\" data-widget_type=\"heading.default\">\n\t\t\t\t\t<h1 class=\"elementor-heading-title elementor-size-default\">Privacy policy<\/h1>\t\t\t\t<\/div>\n\t\t\t\t\t<\/div>\n\t\t\t\t<\/div>\n\t\t<div class=\"elementor-element elementor-element-3e784fc e-flex e-con-boxed e-con e-parent\" data-id=\"3e784fc\" data-element_type=\"container\" data-e-type=\"container\">\n\t\t\t\t\t<div class=\"e-con-inner\">\n\t\t<div class=\"elementor-element elementor-element-f647bfc e-con-full e-flex e-con e-child\" data-id=\"f647bfc\" data-element_type=\"container\" data-e-type=\"container\">\n\t\t\t\t<div class=\"elementor-element elementor-element-ef1d82a elementor-widget elementor-widget-text-editor\" data-id=\"ef1d82a\" data-element_type=\"widget\" data-e-type=\"widget\" data-widget_type=\"text-editor.default\">\n\t\t\t\t\t\t\t\t\t<p>The controller within the meaning of data protection laws, in particular the EU General Data Protection Regulation (GDPR), is<\/p><p>Sascha Wagner<\/p><p>Rudolf-Marek-Str.14<\/p><p>09112 Chemnitz<\/p><h2>Your rights as a data subject<\/h2><p>You can exercise the following rights at any time using the contact details provided for our data protection officer:<\/p><ul><li>Information about your data stored by us and its processing,<\/li><li>Correction of incorrect personal data,<\/li><li>Deletion of your data stored by us,<\/li><li>Restriction of data processing if we are not yet allowed to delete your data due to legal obligations,<\/li><li>Objection to the processing of your data by us and<\/li><li>Data portability, provided that you have consented to the data processing or have concluded a contract with us.<\/li><\/ul><p>If you have given us your consent, you can revoke it at any time with effect for the future.<\/p><p>You can contact the supervisory authority responsible for you at any time with a complaint. Your competent supervisory authority depends on the federal state of your place of residence, your work or the suspected violation. A list of supervisory authorities (for the non-public sector) with addresses can be found at\u00a0<a href=\"https:\/\/www.bfdi.bund.de\/DE\/Infothek\/Anschriften_Links\/anschriften_links-node.html\" target=\"_blank\" rel=\"noopener\">https:\/\/www.bfdi.bund.de\/DE\/Infothek\/Anschriften_Links\/anschriften_links-node.html<\/a>.<\/p><h2>Purposes of data processing by the controller and third parties<\/h2><p>We only process your personal data for the purposes stated in this privacy policy. Your personal data will not be transferred to third parties for purposes other than those stated. We only pass on your personal data to third parties if:<\/p><ul><li>you have given your express consent,<\/li><li>the processing is necessary for the performance of a contract with you,<\/li><li>the processing is necessary for the fulfilment of a legal obligation,<\/li><\/ul><p>the processing is necessary to safeguard legitimate interests and there is no reason to assume that you have an overriding interest worthy of protection in the non-disclosure of your data.<\/p><h2>Deletion or blocking of the data<\/h2><p>We adhere to the principles of data avoidance and data minimisation. We therefore only store your personal data for as long as is necessary to fulfil the purposes stated here or for the various storage periods stipulated by law. Once the respective purpose no longer applies or these periods have expired, the corresponding data is routinely blocked or deleted in accordance with the statutory provisions.<\/p><h2>Collection of general information when visiting our website<\/h2><p>When you access our website, information of a general nature is automatically collected by means of a cookie. This information (server log files) includes, for example, the type of web browser, the operating system used, the domain name of your internet service provider and similar. This is exclusively information that does not allow any conclusions to be drawn about your person.<\/p><p>This information is technically necessary in order to correctly deliver the website content requested by you and is mandatory when using the Internet. It is processed in particular for the following purposes:<\/p><ul><li>Ensuring a smooth connection to the website,<\/li><li>Ensuring the smooth use of our website,<\/li><li>Evaluation of system security and stability and<\/li><li>for further administrative purposes.<\/li><\/ul><p>The processing of your personal data is based on our legitimate interest from the aforementioned purposes for data collection. We do not use your data to draw conclusions about your person. Recipients of the data are only the controller and, if applicable, processors.<\/p><p>Anonymous information of this kind may be statistically evaluated by us in order to optimise our website and the technology behind it.<\/p><h2>Comment function<\/h2><p>When users leave comments on our website, the time of their creation and the user name previously selected by the website visitor are stored in addition to this information. This is for our security, as we can be prosecuted for illegal content on our website, even if it was created by users.<\/p><h2>Contact form<\/h2><p>If you contact us with questions of any kind by e-mail or contact form, you give us your voluntary consent for the purpose of contacting you. This requires you to provide a valid e-mail address. This is used to allocate the enquiry and subsequently answer it. The provision of further data is optional. The information you provide will be stored for the purpose of processing the enquiry and for possible follow-up questions. After your enquiry has been dealt with, your personal data will be automatically deleted.<\/p><h2>Use of script libraries (Google Webfonts)<\/h2><p>In order to display our content correctly and graphically appealing across browsers, we use script libraries and font libraries on this website, such as Google Web Fonts (<a href=\"http:\/\/www.google.com\/webfonts\/\" target=\"_blank\" rel=\"noopener\">https:\/\/www.google.com\/webfonts\/<\/a>). Google web fonts are transferred to the cache of your browser to avoid multiple loading. If the browser does not support Google web fonts or prevents access, content is displayed in a standard font.<\/p><p>Calling up script libraries or font libraries automatically triggers a connection to the operator of the library. It is theoretically possible - although it is currently unclear whether and for what purposes - that operators of such libraries collect data.<\/p><p>The privacy policy of the library operator Google can be found here:\u00a0<a href=\"https:\/\/www.google.com\/policies\/privacy\/\" target=\"_blank\" rel=\"noopener\">https:\/\/www.google.com\/policies\/privacy\/<\/a><\/p><h2>Social plugins<\/h2><p>We offer you the option of using so-called \u201esocial media buttons\u201c on our website. To protect your data, we use the \u201eShariff\u201c solution for implementation. This means that these buttons are only integrated on the website as a graphic that contains a link to the corresponding website of the button provider. By clicking on the graphic, you will be redirected to the services of the respective provider. Only then will your data be sent to the respective provider. If you do not click on the graphic, there will be no exchange between you and the providers of the social media buttons. Information about the collection and use of your data in the social networks can be found in the respective terms of use of the corresponding providers. You can find more information about the Shariff solution here:\u00a0<a href=\"http:\/\/www.heise.de\/ct\/artikel\/Shariff-Social-Media-Buttons-mit-Datenschutz-2467514.html\" target=\"_blank\" rel=\"noopener\">http:\/\/www.heise.de\/ct\/artikel\/Shariff-Social-Media-Buttons-mit-Datenschutz-2467514.html<\/a><\/p><p>We have integrated the social media buttons of the following companies on our website:<\/p><p><a href=\"https:\/\/www.facebook.com\/\">https:\/\/www.facebook.com\/<\/a><\/p><p><a href=\"https:\/\/www.instagram.com\/\">https:\/\/www.instagram.com<\/a><\/p><p>\u00a0<\/p><h2><strong>Changes to our privacy policy<\/strong><\/h2><p>We reserve the right to amend this privacy policy so that it always complies with current legal requirements or to implement changes to our services in the privacy policy, e.g. when introducing new services. The new privacy policy will then apply to your next visit.<\/p><h2><strong>Questions for the data protection officer<\/strong><\/h2><p>If you have any questions about data protection, please send us an e-mail or contact the person responsible for data protection in our organisation directly:<\/p><p>Cabin Wood<\/p><p>c\/o Sascha Wagner<\/p><p>Rudolf-Marek-Str.14<\/p><p>09112 Chemnitz<\/p><p>Contact:<\/p><p>Phone: 0152 2850 9664<\/p><p>E-mail: info@cabinwood.de<\/p><p><em>The privacy policy was created with the\u00a0<\/em><a href=\"https:\/\/www.activemind.de\/datenschutz\/datenschutzhinweis-generator\/\" target=\"_blank\" rel=\"noopener\"><em>Data protection declaration generator created by activeMind AG<\/em><\/a><em>.<\/em><\/p>\t\t\t\t\t\t\t\t<\/div>\n\t\t\t\t<\/div>\n\t\t\t\t\t<\/div>\n\t\t\t\t<\/div>\n\t\t\t\t<\/div>","protected":false},"excerpt":{"rendered":"<p>Datenschutzerkl\u00e4rung Verantwortliche Stelle im Sinne der Datenschutzgesetze, insbesondere der EU-Datenschutzgrundverordnung (DSGVO), ist: Sascha Wagner Rudolf-Marek-Str.14 09112 Chemnitz Ihre Betroffenenrechte Unter den angegebenen Kontaktdaten unseres Datenschutzbeauftragten k\u00f6nnen Sie jederzeit folgende Rechte aus\u00fcben: Auskunft \u00fcber Ihre bei uns gespeicherten Daten und deren Verarbeitung, Berichtigung unrichtiger personenbezogener Daten, L\u00f6schung Ihrer bei uns gespeicherten Daten, Einschr\u00e4nkung der Datenverarbeitung, sofern [&hellip;]<\/p>\n","protected":false},"author":1,"featured_media":0,"parent":0,"menu_order":0,"comment_status":"closed","ping_status":"closed","template":"","meta":{"footnotes":""},"class_list":["post-9139","page","type-page","status-publish","hentry"],"yoast_head":"<!-- This site is optimized with the Yoast SEO plugin v27.4 - https:\/\/yoast.com\/product\/yoast-seo-wordpress\/ -->\n<title>Datenschutz &#8211; Cabin Wood<\/title>\n<meta name=\"robots\" content=\"index, follow, max-snippet:-1, max-image-preview:large, max-video-preview:-1\" \/>\n<link rel=\"canonical\" href=\"https:\/\/www.cabinwood.de\/en\/data-protection\/\" \/>\n<meta property=\"og:locale\" content=\"en_GB\" \/>\n<meta property=\"og:type\" content=\"article\" \/>\n<meta property=\"og:title\" content=\"Datenschutz &#8211; Cabin Wood\" \/>\n<meta property=\"og:description\" content=\"Datenschutzerkl\u00e4rung Verantwortliche Stelle im Sinne der Datenschutzgesetze, insbesondere der EU-Datenschutzgrundverordnung (DSGVO), ist: Sascha Wagner Rudolf-Marek-Str.14 09112 Chemnitz Ihre Betroffenenrechte Unter den angegebenen Kontaktdaten unseres Datenschutzbeauftragten k\u00f6nnen Sie jederzeit folgende Rechte aus\u00fcben: Auskunft \u00fcber Ihre bei uns gespeicherten Daten und deren Verarbeitung, Berichtigung unrichtiger personenbezogener Daten, L\u00f6schung Ihrer bei uns gespeicherten Daten, Einschr\u00e4nkung der Datenverarbeitung, sofern [&hellip;]\" \/>\n<meta property=\"og:url\" content=\"https:\/\/www.cabinwood.de\/en\/data-protection\/\" \/>\n<meta property=\"og:site_name\" content=\"Cabin Wood\" \/>\n<meta property=\"article:modified_time\" content=\"2026-03-04T13:52:27+00:00\" \/>\n<meta property=\"og:image\" content=\"https:\/\/www.cabinwood.de\/wp-content\/uploads\/2017\/09\/cropped-cropped-CW_Logo_schwarz-e1535118874923-2.png\" \/>\n\t<meta property=\"og:image:width\" content=\"2000\" \/>\n\t<meta property=\"og:image:height\" content=\"2079\" \/>\n\t<meta property=\"og:image:type\" content=\"image\/png\" \/>\n<meta name=\"twitter:card\" content=\"summary_large_image\" \/>\n<meta name=\"twitter:label1\" content=\"Estimated reading time\" \/>\n\t<meta name=\"twitter:data1\" content=\"5 minutes\" \/>\n<script type=\"application\/ld+json\" class=\"yoast-schema-graph\">{\"@context\":\"https:\\\/\\\/schema.org\",\"@graph\":[{\"@type\":\"WebPage\",\"@id\":\"https:\\\/\\\/www.cabinwood.de\\\/datenschutz\\\/\",\"url\":\"https:\\\/\\\/www.cabinwood.de\\\/datenschutz\\\/\",\"name\":\"Datenschutz &#8211; Cabin Wood\",\"isPartOf\":{\"@id\":\"https:\\\/\\\/www.cabinwood.de\\\/#website\"},\"datePublished\":\"2026-03-04T13:51:02+00:00\",\"dateModified\":\"2026-03-04T13:52:27+00:00\",\"breadcrumb\":{\"@id\":\"https:\\\/\\\/www.cabinwood.de\\\/datenschutz\\\/#breadcrumb\"},\"inLanguage\":\"en-GB\",\"potentialAction\":[{\"@type\":\"ReadAction\",\"target\":[\"https:\\\/\\\/www.cabinwood.de\\\/datenschutz\\\/\"]}]},{\"@type\":\"BreadcrumbList\",\"@id\":\"https:\\\/\\\/www.cabinwood.de\\\/datenschutz\\\/#breadcrumb\",\"itemListElement\":[{\"@type\":\"ListItem\",\"position\":1,\"name\":\"Start\",\"item\":\"https:\\\/\\\/www.cabinwood.de\\\/\"},{\"@type\":\"ListItem\",\"position\":2,\"name\":\"Datenschutz\"}]},{\"@type\":\"WebSite\",\"@id\":\"https:\\\/\\\/www.cabinwood.de\\\/#website\",\"url\":\"https:\\\/\\\/www.cabinwood.de\\\/\",\"name\":\"Cabin Wood\",\"description\":\"Mobile R\u00e4ume aus Holz.\",\"publisher\":{\"@id\":\"https:\\\/\\\/www.cabinwood.de\\\/#organization\"},\"alternateName\":\"Cabin Wood - Sascha Wagner\",\"potentialAction\":[{\"@type\":\"SearchAction\",\"target\":{\"@type\":\"EntryPoint\",\"urlTemplate\":\"https:\\\/\\\/www.cabinwood.de\\\/?s={search_term_string}\"},\"query-input\":{\"@type\":\"PropertyValueSpecification\",\"valueRequired\":true,\"valueName\":\"search_term_string\"}}],\"inLanguage\":\"en-GB\"},{\"@type\":\"Organization\",\"@id\":\"https:\\\/\\\/www.cabinwood.de\\\/#organization\",\"name\":\"Cabin Wood\",\"alternateName\":\"Cabin Wood - Sascha Wagner\",\"url\":\"https:\\\/\\\/www.cabinwood.de\\\/\",\"logo\":{\"@type\":\"ImageObject\",\"inLanguage\":\"en-GB\",\"@id\":\"https:\\\/\\\/www.cabinwood.de\\\/#\\\/schema\\\/logo\\\/image\\\/\",\"url\":\"https:\\\/\\\/www.cabinwood.de\\\/wp-content\\\/uploads\\\/2017\\\/09\\\/cropped-cropped-CW_Logo_schwarz-e1535118874923-2.png\",\"contentUrl\":\"https:\\\/\\\/www.cabinwood.de\\\/wp-content\\\/uploads\\\/2017\\\/09\\\/cropped-cropped-CW_Logo_schwarz-e1535118874923-2.png\",\"width\":2000,\"height\":2079,\"caption\":\"Cabin Wood\"},\"image\":{\"@id\":\"https:\\\/\\\/www.cabinwood.de\\\/#\\\/schema\\\/logo\\\/image\\\/\"},\"sameAs\":[\"https:\\\/\\\/www.instagram.com\\\/cabinwoodmodular\\\/\"]}]}<\/script>\n<!-- \/ Yoast SEO plugin. -->","yoast_head_json":{"title":"Data protection - Cabin Wood","robots":{"index":"index","follow":"follow","max-snippet":"max-snippet:-1","max-image-preview":"max-image-preview:large","max-video-preview":"max-video-preview:-1"},"canonical":"https:\/\/www.cabinwood.de\/en\/data-protection\/","og_locale":"en_GB","og_type":"article","og_title":"Datenschutz &#8211; Cabin Wood","og_description":"Datenschutzerkl\u00e4rung Verantwortliche Stelle im Sinne der Datenschutzgesetze, insbesondere der EU-Datenschutzgrundverordnung (DSGVO), ist: Sascha Wagner Rudolf-Marek-Str.14 09112 Chemnitz Ihre Betroffenenrechte Unter den angegebenen Kontaktdaten unseres Datenschutzbeauftragten k\u00f6nnen Sie jederzeit folgende Rechte aus\u00fcben: Auskunft \u00fcber Ihre bei uns gespeicherten Daten und deren Verarbeitung, Berichtigung unrichtiger personenbezogener Daten, L\u00f6schung Ihrer bei uns gespeicherten Daten, Einschr\u00e4nkung der Datenverarbeitung, sofern [&hellip;]","og_url":"https:\/\/www.cabinwood.de\/en\/data-protection\/","og_site_name":"Cabin Wood","article_modified_time":"2026-03-04T13:52:27+00:00","og_image":[{"width":2000,"height":2079,"url":"https:\/\/www.cabinwood.de\/wp-content\/uploads\/2017\/09\/cropped-cropped-CW_Logo_schwarz-e1535118874923-2.png","type":"image\/png"}],"twitter_card":"summary_large_image","twitter_misc":{"Estimated reading time":"5 minutes"},"schema":{"@context":"https:\/\/schema.org","@graph":[{"@type":"WebPage","@id":"https:\/\/www.cabinwood.de\/datenschutz\/","url":"https:\/\/www.cabinwood.de\/datenschutz\/","name":"Data protection - Cabin Wood","isPartOf":{"@id":"https:\/\/www.cabinwood.de\/#website"},"datePublished":"2026-03-04T13:51:02+00:00","dateModified":"2026-03-04T13:52:27+00:00","breadcrumb":{"@id":"https:\/\/www.cabinwood.de\/datenschutz\/#breadcrumb"},"inLanguage":"en-GB","potentialAction":[{"@type":"ReadAction","target":["https:\/\/www.cabinwood.de\/datenschutz\/"]}]},{"@type":"BreadcrumbList","@id":"https:\/\/www.cabinwood.de\/datenschutz\/#breadcrumb","itemListElement":[{"@type":"ListItem","position":1,"name":"Start","item":"https:\/\/www.cabinwood.de\/"},{"@type":"ListItem","position":2,"name":"Datenschutz"}]},{"@type":"WebSite","@id":"https:\/\/www.cabinwood.de\/#website","url":"https:\/\/www.cabinwood.de\/","name":"Cabin Wood","description":"Mobile rooms made of wood.","publisher":{"@id":"https:\/\/www.cabinwood.de\/#organization"},"alternateName":"Cabin Wood - Sascha Wagner","potentialAction":[{"@type":"SearchAction","target":{"@type":"EntryPoint","urlTemplate":"https:\/\/www.cabinwood.de\/?s={search_term_string}"},"query-input":{"@type":"PropertyValueSpecification","valueRequired":true,"valueName":"search_term_string"}}],"inLanguage":"en-GB"},{"@type":"Organization","@id":"https:\/\/www.cabinwood.de\/#organization","name":"Cabin Wood","alternateName":"Cabin Wood - Sascha Wagner","url":"https:\/\/www.cabinwood.de\/","logo":{"@type":"ImageObject","inLanguage":"en-GB","@id":"https:\/\/www.cabinwood.de\/#\/schema\/logo\/image\/","url":"https:\/\/www.cabinwood.de\/wp-content\/uploads\/2017\/09\/cropped-cropped-CW_Logo_schwarz-e1535118874923-2.png","contentUrl":"https:\/\/www.cabinwood.de\/wp-content\/uploads\/2017\/09\/cropped-cropped-CW_Logo_schwarz-e1535118874923-2.png","width":2000,"height":2079,"caption":"Cabin Wood"},"image":{"@id":"https:\/\/www.cabinwood.de\/#\/schema\/logo\/image\/"},"sameAs":["https:\/\/www.instagram.com\/cabinwoodmodular\/"]}]}},"_links":{"self":[{"href":"https:\/\/www.cabinwood.de\/en\/wp-json\/wp\/v2\/pages\/9139","targetHints":{"allow":["GET"]}}],"collection":[{"href":"https:\/\/www.cabinwood.de\/en\/wp-json\/wp\/v2\/pages"}],"about":[{"href":"https:\/\/www.cabinwood.de\/en\/wp-json\/wp\/v2\/types\/page"}],"author":[{"embeddable":true,"href":"https:\/\/www.cabinwood.de\/en\/wp-json\/wp\/v2\/users\/1"}],"replies":[{"embeddable":true,"href":"https:\/\/www.cabinwood.de\/en\/wp-json\/wp\/v2\/comments?post=9139"}],"version-history":[{"count":4,"href":"https:\/\/www.cabinwood.de\/en\/wp-json\/wp\/v2\/pages\/9139\/revisions"}],"predecessor-version":[{"id":9144,"href":"https:\/\/www.cabinwood.de\/en\/wp-json\/wp\/v2\/pages\/9139\/revisions\/9144"}],"wp:attachment":[{"href":"https:\/\/www.cabinwood.de\/en\/wp-json\/wp\/v2\/media?parent=9139"}],"curies":[{"name":"wp","href":"https:\/\/api.w.org\/{rel}","templated":true}]}}