{"id":9134,"date":"2026-03-04T13:48:24","date_gmt":"2026-03-04T13:48:24","guid":{"rendered":"https:\/\/www.cabinwood.de\/?page_id=9134"},"modified":"2026-03-04T13:49:48","modified_gmt":"2026-03-04T13:49:48","slug":"imprint","status":"publish","type":"page","link":"https:\/\/www.cabinwood.de\/en\/impressum\/","title":{"rendered":"Imprint"},"content":{"rendered":"<div data-elementor-type=\"wp-page\" data-elementor-id=\"9134\" class=\"elementor elementor-9134\" data-elementor-post-type=\"page\">\n\t\t\t\t<div class=\"elementor-element elementor-element-84aab67 e-flex e-con-boxed e-con e-parent\" data-id=\"84aab67\" data-element_type=\"container\" data-e-type=\"container\" data-settings=\"{&quot;background_background&quot;:&quot;classic&quot;}\">\n\t\t\t\t\t<div class=\"e-con-inner\">\n\t\t\t\t<div class=\"elementor-element elementor-element-88bd63c elementor-widget elementor-widget-heading\" data-id=\"88bd63c\" data-element_type=\"widget\" data-e-type=\"widget\" data-widget_type=\"heading.default\">\n\t\t\t\t\t<h1 class=\"elementor-heading-title elementor-size-default\">Imprint<\/h1>\t\t\t\t<\/div>\n\t\t\t\t\t<\/div>\n\t\t\t\t<\/div>\n\t\t<div class=\"elementor-element elementor-element-3e784fc e-flex e-con-boxed e-con e-parent\" data-id=\"3e784fc\" data-element_type=\"container\" data-e-type=\"container\">\n\t\t\t\t\t<div class=\"e-con-inner\">\n\t\t<div class=\"elementor-element elementor-element-f647bfc e-con-full e-flex e-con e-child\" data-id=\"f647bfc\" data-element_type=\"container\" data-e-type=\"container\">\n\t\t\t\t<div class=\"elementor-element elementor-element-ef1d82a elementor-widget elementor-widget-text-editor\" data-id=\"ef1d82a\" data-element_type=\"widget\" data-e-type=\"widget\" data-widget_type=\"text-editor.default\">\n\t\t\t\t\t\t\t\t\t<p>Cabin Wood<\/p><p>c\/o Sascha Wagner<br \/>Rudolf-Marek-Str.14<br \/>09112 Chemnitz<\/p><p><strong>Contact:<\/strong><br \/>Phone: 0152 2850 9664<\/p><p>E-Mail:\u00a0<a href=\"mailto:info@cabinwood.de\" target=\"_blank\" rel=\"noopener\">info@cabinwood.de<\/a><\/p><p>Responsible for the content according to \u00a7 55 Abs. 2 RStV:<\/p><p>Sascha Wagner<br \/>Rudolf-Marek-Str.14<br \/>09112 Chemnitz<\/p><p>Information according to \u00a7 5 TMG<\/p><p><strong>Disclaimer:<\/strong><\/p><p><strong>Liability for content<\/strong><\/p><p>The contents of our pages have been created with the greatest care. However, we cannot accept any liability for the accuracy, completeness and topicality of the content. As a service provider, we are responsible for our own content on these pages in accordance with \u00a7 7 para.1 TMG (German Telemedia Act) and general laws. According to \u00a7\u00a7 8 to 10 TMG, however, we as a service provider are not obliged to monitor transmitted or stored third-party information or to investigate circumstances that indicate illegal activity. Obligations to remove or block the use of information in accordance with general legislation remain unaffected by this. However, liability in this respect is only possible from the time of knowledge of a specific infringement. As soon as we become aware of such infringements, we will remove this content immediately.<\/p><p><strong>Liability for links<\/strong><\/p><p>Our website contains links to external third-party websites over whose content we have no influence. Therefore, we cannot accept any liability for this third-party content. The respective provider or operator of the pages is always responsible for the content of the linked pages. The linked pages were checked for possible legal violations at the time of linking. Illegal contents were not recognisable at the time of linking. However, permanent monitoring of the content of the linked pages is not reasonable without concrete evidence of an infringement. If we become aware of any legal infringements, we will remove such links immediately.<\/p><p><strong>Copyright<\/strong><\/p><p>The content and works created by the site operators on these pages are subject to German copyright law. Duplication, processing, distribution and any kind of utilisation outside the limits of copyright law require the written consent of the respective author or creator. Downloads and copies of this site are only permitted for private, non-commercial use. Insofar as the content on this site was not created by the operator, the copyrights of third parties are respected. In particular, third-party content is labelled as such. Should you nevertheless become aware of a copyright infringement, please inform us accordingly. If we become aware of any infringements, we will remove such content immediately.<\/p><div id=\"link\">Website imprint of\u00a0<a href=\"http:\/\/www.impressum-generator.de\/\" target=\"_blank\" rel=\"noopener\">imprint-generator.com<\/a><\/div>\t\t\t\t\t\t\t\t<\/div>\n\t\t\t\t<\/div>\n\t\t\t\t\t<\/div>\n\t\t\t\t<\/div>\n\t\t\t\t<\/div>","protected":false},"excerpt":{"rendered":"<p>Impressum Cabin Wood c\/o Sascha WagnerRudolf-Marek-Str.1409112 Chemnitz Kontakt:Telefon: 0152 2850 9664 E-Mail:\u00a0info@cabinwood.de Verantwortlich f\u00fcr den Inhalt nach \u00a7 55 Abs. 2 RStV: Sascha WagnerRudolf-Marek-Str.1409112 Chemnitz Angaben gem\u00e4\u00df \u00a7 5 TMG Haftungsausschluss: Haftung f\u00fcr Inhalte Die Inhalte unserer Seiten wurden mit gr\u00f6\u00dfter Sorgfalt erstellt. F\u00fcr die Richtigkeit, Vollst\u00e4ndigkeit und Aktualit\u00e4t der Inhalte k\u00f6nnen wir jedoch keine [&hellip;]<\/p>\n","protected":false},"author":1,"featured_media":0,"parent":0,"menu_order":0,"comment_status":"closed","ping_status":"closed","template":"","meta":{"footnotes":""},"class_list":["post-9134","page","type-page","status-publish","hentry"],"yoast_head":"<!-- This site is optimized with the Yoast SEO plugin v27.4 - https:\/\/yoast.com\/product\/yoast-seo-wordpress\/ -->\n<title>Impressum &#8211; Cabin Wood<\/title>\n<meta name=\"robots\" content=\"index, follow, max-snippet:-1, max-image-preview:large, max-video-preview:-1\" \/>\n<link rel=\"canonical\" href=\"https:\/\/www.cabinwood.de\/en\/imprint\/\" \/>\n<meta property=\"og:locale\" content=\"en_GB\" \/>\n<meta property=\"og:type\" content=\"article\" \/>\n<meta property=\"og:title\" content=\"Impressum &#8211; Cabin Wood\" \/>\n<meta property=\"og:description\" content=\"Impressum Cabin Wood c\/o Sascha WagnerRudolf-Marek-Str.1409112 Chemnitz Kontakt:Telefon: 0152 2850 9664 E-Mail:\u00a0info@cabinwood.de Verantwortlich f\u00fcr den Inhalt nach \u00a7 55 Abs. 2 RStV: Sascha WagnerRudolf-Marek-Str.1409112 Chemnitz Angaben gem\u00e4\u00df \u00a7 5 TMG Haftungsausschluss: Haftung f\u00fcr Inhalte Die Inhalte unserer Seiten wurden mit gr\u00f6\u00dfter Sorgfalt erstellt. F\u00fcr die Richtigkeit, Vollst\u00e4ndigkeit und Aktualit\u00e4t der Inhalte k\u00f6nnen wir jedoch keine [&hellip;]\" \/>\n<meta property=\"og:url\" content=\"https:\/\/www.cabinwood.de\/en\/imprint\/\" \/>\n<meta property=\"og:site_name\" content=\"Cabin Wood\" \/>\n<meta property=\"article:modified_time\" content=\"2026-03-04T13:49:48+00:00\" \/>\n<meta property=\"og:image\" content=\"https:\/\/www.cabinwood.de\/wp-content\/uploads\/2017\/09\/cropped-cropped-CW_Logo_schwarz-e1535118874923-2.png\" \/>\n\t<meta property=\"og:image:width\" content=\"2000\" \/>\n\t<meta property=\"og:image:height\" content=\"2079\" \/>\n\t<meta property=\"og:image:type\" content=\"image\/png\" \/>\n<meta name=\"twitter:card\" content=\"summary_large_image\" \/>\n<meta name=\"twitter:label1\" content=\"Estimated reading time\" \/>\n\t<meta name=\"twitter:data1\" content=\"2 minutes\" \/>\n<script type=\"application\/ld+json\" class=\"yoast-schema-graph\">{\"@context\":\"https:\\\/\\\/schema.org\",\"@graph\":[{\"@type\":\"WebPage\",\"@id\":\"https:\\\/\\\/www.cabinwood.de\\\/impressum\\\/\",\"url\":\"https:\\\/\\\/www.cabinwood.de\\\/impressum\\\/\",\"name\":\"Impressum &#8211; Cabin Wood\",\"isPartOf\":{\"@id\":\"https:\\\/\\\/www.cabinwood.de\\\/#website\"},\"datePublished\":\"2026-03-04T13:48:24+00:00\",\"dateModified\":\"2026-03-04T13:49:48+00:00\",\"breadcrumb\":{\"@id\":\"https:\\\/\\\/www.cabinwood.de\\\/impressum\\\/#breadcrumb\"},\"inLanguage\":\"en-GB\",\"potentialAction\":[{\"@type\":\"ReadAction\",\"target\":[\"https:\\\/\\\/www.cabinwood.de\\\/impressum\\\/\"]}]},{\"@type\":\"BreadcrumbList\",\"@id\":\"https:\\\/\\\/www.cabinwood.de\\\/impressum\\\/#breadcrumb\",\"itemListElement\":[{\"@type\":\"ListItem\",\"position\":1,\"name\":\"Start\",\"item\":\"https:\\\/\\\/www.cabinwood.de\\\/\"},{\"@type\":\"ListItem\",\"position\":2,\"name\":\"Impressum\"}]},{\"@type\":\"WebSite\",\"@id\":\"https:\\\/\\\/www.cabinwood.de\\\/#website\",\"url\":\"https:\\\/\\\/www.cabinwood.de\\\/\",\"name\":\"Cabin Wood\",\"description\":\"Mobile R\u00e4ume aus Holz.\",\"publisher\":{\"@id\":\"https:\\\/\\\/www.cabinwood.de\\\/#organization\"},\"alternateName\":\"Cabin Wood - Sascha Wagner\",\"potentialAction\":[{\"@type\":\"SearchAction\",\"target\":{\"@type\":\"EntryPoint\",\"urlTemplate\":\"https:\\\/\\\/www.cabinwood.de\\\/?s={search_term_string}\"},\"query-input\":{\"@type\":\"PropertyValueSpecification\",\"valueRequired\":true,\"valueName\":\"search_term_string\"}}],\"inLanguage\":\"en-GB\"},{\"@type\":\"Organization\",\"@id\":\"https:\\\/\\\/www.cabinwood.de\\\/#organization\",\"name\":\"Cabin Wood\",\"alternateName\":\"Cabin Wood - Sascha Wagner\",\"url\":\"https:\\\/\\\/www.cabinwood.de\\\/\",\"logo\":{\"@type\":\"ImageObject\",\"inLanguage\":\"en-GB\",\"@id\":\"https:\\\/\\\/www.cabinwood.de\\\/#\\\/schema\\\/logo\\\/image\\\/\",\"url\":\"https:\\\/\\\/www.cabinwood.de\\\/wp-content\\\/uploads\\\/2017\\\/09\\\/cropped-cropped-CW_Logo_schwarz-e1535118874923-2.png\",\"contentUrl\":\"https:\\\/\\\/www.cabinwood.de\\\/wp-content\\\/uploads\\\/2017\\\/09\\\/cropped-cropped-CW_Logo_schwarz-e1535118874923-2.png\",\"width\":2000,\"height\":2079,\"caption\":\"Cabin Wood\"},\"image\":{\"@id\":\"https:\\\/\\\/www.cabinwood.de\\\/#\\\/schema\\\/logo\\\/image\\\/\"},\"sameAs\":[\"https:\\\/\\\/www.instagram.com\\\/cabinwoodmodular\\\/\"]}]}<\/script>\n<!-- \/ Yoast SEO plugin. -->","yoast_head_json":{"title":"Imprint - Cabin Wood","robots":{"index":"index","follow":"follow","max-snippet":"max-snippet:-1","max-image-preview":"max-image-preview:large","max-video-preview":"max-video-preview:-1"},"canonical":"https:\/\/www.cabinwood.de\/en\/imprint\/","og_locale":"en_GB","og_type":"article","og_title":"Impressum &#8211; Cabin Wood","og_description":"Impressum Cabin Wood c\/o Sascha WagnerRudolf-Marek-Str.1409112 Chemnitz Kontakt:Telefon: 0152 2850 9664 E-Mail:\u00a0info@cabinwood.de Verantwortlich f\u00fcr den Inhalt nach \u00a7 55 Abs. 2 RStV: Sascha WagnerRudolf-Marek-Str.1409112 Chemnitz Angaben gem\u00e4\u00df \u00a7 5 TMG Haftungsausschluss: Haftung f\u00fcr Inhalte Die Inhalte unserer Seiten wurden mit gr\u00f6\u00dfter Sorgfalt erstellt. F\u00fcr die Richtigkeit, Vollst\u00e4ndigkeit und Aktualit\u00e4t der Inhalte k\u00f6nnen wir jedoch keine [&hellip;]","og_url":"https:\/\/www.cabinwood.de\/en\/imprint\/","og_site_name":"Cabin Wood","article_modified_time":"2026-03-04T13:49:48+00:00","og_image":[{"width":2000,"height":2079,"url":"https:\/\/www.cabinwood.de\/wp-content\/uploads\/2017\/09\/cropped-cropped-CW_Logo_schwarz-e1535118874923-2.png","type":"image\/png"}],"twitter_card":"summary_large_image","twitter_misc":{"Estimated reading time":"2 minutes"},"schema":{"@context":"https:\/\/schema.org","@graph":[{"@type":"WebPage","@id":"https:\/\/www.cabinwood.de\/impressum\/","url":"https:\/\/www.cabinwood.de\/impressum\/","name":"Imprint - Cabin Wood","isPartOf":{"@id":"https:\/\/www.cabinwood.de\/#website"},"datePublished":"2026-03-04T13:48:24+00:00","dateModified":"2026-03-04T13:49:48+00:00","breadcrumb":{"@id":"https:\/\/www.cabinwood.de\/impressum\/#breadcrumb"},"inLanguage":"en-GB","potentialAction":[{"@type":"ReadAction","target":["https:\/\/www.cabinwood.de\/impressum\/"]}]},{"@type":"BreadcrumbList","@id":"https:\/\/www.cabinwood.de\/impressum\/#breadcrumb","itemListElement":[{"@type":"ListItem","position":1,"name":"Start","item":"https:\/\/www.cabinwood.de\/"},{"@type":"ListItem","position":2,"name":"Impressum"}]},{"@type":"WebSite","@id":"https:\/\/www.cabinwood.de\/#website","url":"https:\/\/www.cabinwood.de\/","name":"Cabin Wood","description":"Mobile rooms made of wood.","publisher":{"@id":"https:\/\/www.cabinwood.de\/#organization"},"alternateName":"Cabin Wood - Sascha Wagner","potentialAction":[{"@type":"SearchAction","target":{"@type":"EntryPoint","urlTemplate":"https:\/\/www.cabinwood.de\/?s={search_term_string}"},"query-input":{"@type":"PropertyValueSpecification","valueRequired":true,"valueName":"search_term_string"}}],"inLanguage":"en-GB"},{"@type":"Organization","@id":"https:\/\/www.cabinwood.de\/#organization","name":"Cabin Wood","alternateName":"Cabin Wood - Sascha Wagner","url":"https:\/\/www.cabinwood.de\/","logo":{"@type":"ImageObject","inLanguage":"en-GB","@id":"https:\/\/www.cabinwood.de\/#\/schema\/logo\/image\/","url":"https:\/\/www.cabinwood.de\/wp-content\/uploads\/2017\/09\/cropped-cropped-CW_Logo_schwarz-e1535118874923-2.png","contentUrl":"https:\/\/www.cabinwood.de\/wp-content\/uploads\/2017\/09\/cropped-cropped-CW_Logo_schwarz-e1535118874923-2.png","width":2000,"height":2079,"caption":"Cabin Wood"},"image":{"@id":"https:\/\/www.cabinwood.de\/#\/schema\/logo\/image\/"},"sameAs":["https:\/\/www.instagram.com\/cabinwoodmodular\/"]}]}},"_links":{"self":[{"href":"https:\/\/www.cabinwood.de\/en\/wp-json\/wp\/v2\/pages\/9134","targetHints":{"allow":["GET"]}}],"collection":[{"href":"https:\/\/www.cabinwood.de\/en\/wp-json\/wp\/v2\/pages"}],"about":[{"href":"https:\/\/www.cabinwood.de\/en\/wp-json\/wp\/v2\/types\/page"}],"author":[{"embeddable":true,"href":"https:\/\/www.cabinwood.de\/en\/wp-json\/wp\/v2\/users\/1"}],"replies":[{"embeddable":true,"href":"https:\/\/www.cabinwood.de\/en\/wp-json\/wp\/v2\/comments?post=9134"}],"version-history":[{"count":4,"href":"https:\/\/www.cabinwood.de\/en\/wp-json\/wp\/v2\/pages\/9134\/revisions"}],"predecessor-version":[{"id":9138,"href":"https:\/\/www.cabinwood.de\/en\/wp-json\/wp\/v2\/pages\/9134\/revisions\/9138"}],"wp:attachment":[{"href":"https:\/\/www.cabinwood.de\/en\/wp-json\/wp\/v2\/media?parent=9134"}],"curies":[{"name":"wp","href":"https:\/\/api.w.org\/{rel}","templated":true}]}}