{"id":9124,"date":"2026-03-04T13:37:02","date_gmt":"2026-03-04T13:37:02","guid":{"rendered":"https:\/\/www.cabinwood.de\/?page_id=9124"},"modified":"2026-03-17T14:18:00","modified_gmt":"2026-03-17T13:18:00","slug":"contact","status":"publish","type":"page","link":"https:\/\/www.cabinwood.de\/en\/kontakt\/","title":{"rendered":"Contact us"},"content":{"rendered":"\t\t<div data-elementor-type=\"wp-page\" data-elementor-id=\"9124\" class=\"elementor elementor-9124\" data-elementor-post-type=\"page\">\n\t\t\t\t<div class=\"elementor-element elementor-element-84aab67 e-flex e-con-boxed e-con e-parent\" data-id=\"84aab67\" data-element_type=\"container\" data-e-type=\"container\" data-settings=\"{&quot;background_background&quot;:&quot;classic&quot;}\">\n\t\t\t\t\t<div class=\"e-con-inner\">\n\t\t\t\t<div class=\"elementor-element elementor-element-640a70d elementor-hidden-desktop elementor-widget elementor-widget-spacer\" data-id=\"640a70d\" data-element_type=\"widget\" data-e-type=\"widget\" data-widget_type=\"spacer.default\">\n\t\t\t\t\t\t\t<div class=\"elementor-spacer\">\n\t\t\t<div class=\"elementor-spacer-inner\"><\/div>\n\t\t<\/div>\n\t\t\t\t\t\t<\/div>\n\t\t\t\t<div class=\"elementor-element elementor-element-88bd63c elementor-widget elementor-widget-heading\" data-id=\"88bd63c\" data-element_type=\"widget\" data-e-type=\"widget\" data-widget_type=\"heading.default\">\n\t\t\t\t\t<h1 class=\"elementor-heading-title elementor-size-default\">Kontakt<\/h1>\t\t\t\t<\/div>\n\t\t\t\t\t<\/div>\n\t\t\t\t<\/div>\n\t\t<div class=\"elementor-element elementor-element-3e784fc e-flex e-con-boxed e-con e-parent\" data-id=\"3e784fc\" data-element_type=\"container\" data-e-type=\"container\">\n\t\t\t\t\t<div class=\"e-con-inner\">\n\t\t<div class=\"elementor-element elementor-element-f647bfc e-con-full e-flex e-con e-child\" data-id=\"f647bfc\" data-element_type=\"container\" data-e-type=\"container\">\n\t\t\t\t<div class=\"elementor-element elementor-element-ef1d82a elementor-widget elementor-widget-text-editor\" data-id=\"ef1d82a\" data-element_type=\"widget\" data-e-type=\"widget\" data-widget_type=\"text-editor.default\">\n\t\t\t\t\t\t\t\t\t<p>CABIN WOOD<br \/>Rudolf-Marek-Str.14 | 09112 Chemnitz<br \/>Tel. 0152 2850 9664<br \/><a tabindex=\"0\" href=\"mailto:info@cabinwood.de\" target=\"_blank\" rel=\"noopener\">info@cabinwood.de<\/a><\/p><p>Bitte nutze unser Kontaktformular und hinterlasse auch deine Telefonnummer.<br \/>Meist macht es ein kurzes, pers\u00f6nliches Gespr\u00e4ch gleich einfacher \ud83d\ude09<\/p>\t\t\t\t\t\t\t\t<\/div>\n\t\t\t\t<\/div>\n\t\t<div class=\"elementor-element elementor-element-bc203d9 e-con-full e-flex e-con e-child\" data-id=\"bc203d9\" data-element_type=\"container\" data-e-type=\"container\">\n\t\t\t\t<div class=\"elementor-element elementor-element-343e593 fluent-form-widget-step-header-yes fluent-form-widget-step-progressbar-yes fluentform-widget-submit-button-custom elementor-widget elementor-widget-fluent-form-widget\" data-id=\"343e593\" data-element_type=\"widget\" data-e-type=\"widget\" data-widget_type=\"fluent-form-widget.default\">\n\t\t\t\t<div class=\"elementor-widget-container\">\n\t\t\t\t\t\n            <div class=\"fluentform-widget-wrapper fluentform-widget-align-default\">\n\n            \n            <div class='fluentform ff-inherit-theme-style fluentform_wrapper_1'><form data-form_id=\"1\" id=\"fluentform_1\" class=\"frm-fluent-form fluent_form_1 ff-el-form-top ff_form_instance_1_1 ff-form-loading ffs_inherit_theme\" data-form_instance=\"ff_form_instance_1_1\" method=\"POST\" ><fieldset  style=\"border: none!important;margin: 0!important;padding: 0!important;background-color: transparent!important;box-shadow: none!important;outline: none!important; min-inline-size: 100%;\">\n                    <legend class=\"ff_screen_reader_title\" style=\"display: block; margin: 0!important;padding: 0!important;height: 0!important;text-indent: -999999px;width: 0!important;overflow:hidden;\">Kontakt-Form<\/legend>        <div\n                style=\"display: none!important; position: absolute!important; transform: translateX(1000%)!important;\"\n                class=\"ff-el-group ff-hpsf-container\"\n        >\n            <div class=\"ff-el-input--label asterisk-right\">\n                <label for=\"ff_1_item_sf\" aria-label=\"Contact\">\n                    Contact                <\/label>\n            <\/div>\n            <div class=\"ff-el-input--content\">\n                <input type=\"text\"\n                       name=\"item_1__fluent_sf\"\n                       class=\"ff-el-form-control\"\n                       id=\"ff_1_item_sf\"\n                \/>\n            <\/div>\n        <\/div>\n                <input type=\"hidden\" id=\"__fluent_protection_token_1\" class=\"fluent-form-token-field\" name=\"__fluent_protection_token_1\">\n        <input type='hidden' name='__fluent_form_embded_post_id' value='9124' \/><input type=\"hidden\" id=\"_fluentform_1_fluentformnonce\" name=\"_fluentform_1_fluentformnonce\" value=\"4ebcb0b241\" \/><input type=\"hidden\" name=\"_wp_http_referer\" value=\"\/en\/wp-json\/wp\/v2\/pages\/9124\" \/><div data-type=\"name-element\" data-name=\"names\" class=\" ff-field_container ff-name-field-wrapper\" ><div class='ff-t-container'><div class='ff-t-cell '><div class='ff-el-group'><div class=\"ff-el-input--label ff-el-is-required asterisk-right\"><label for='ff_1_names_first_name_' id='label_ff_1_names_first_name_' >Vorname<\/label><\/div><div class='ff-el-input--content'><input type=\"text\" name=\"names[first_name]\" id=\"ff_1_names_first_name_\" class=\"ff-el-form-control\" placeholder=\"Vorname\" aria-invalid=\"false\" aria-required=true><\/div><\/div><\/div><div class='ff-t-cell '><div class='ff-el-group'><div class=\"ff-el-input--label ff-el-is-required asterisk-right\"><label for='ff_1_names_last_name_' id='label_ff_1_names_last_name_' >Nachname<\/label><\/div><div class='ff-el-input--content'><input type=\"text\" name=\"names[last_name]\" id=\"ff_1_names_last_name_\" class=\"ff-el-form-control\" placeholder=\"Nachname\" aria-invalid=\"false\" aria-required=true><\/div><\/div><\/div><\/div><\/div><div data-name=\"ff_cn_id_1\"  class='ff-t-container ff-column-container ff_columns_total_2 '><div class='ff-t-cell ff-t-column-1' style='flex-basis: 50%;'><div class='ff-el-group'><div class=\"ff-el-input--label ff-el-is-required asterisk-right\"><label for='ff_1_email' id='label_ff_1_email' aria-label=\"E-Mail\">E-Mail<\/label><\/div><div class='ff-el-input--content'><input type=\"email\" name=\"email\" id=\"ff_1_email\" class=\"ff-el-form-control\" placeholder=\"E-Mail\" data-name=\"email\"  aria-invalid=\"false\" aria-required=true><\/div><\/div><\/div><div class='ff-t-cell ff-t-column-2' style='flex-basis: 50%;'><div class='ff-el-group'><div class=\"ff-el-input--label asterisk-right\"><label for='ff_1_phone' id='label_ff_1_phone' aria-label=\"Telefonnummer (optional)\">Telefonnummer (optional)<\/label><\/div><div class='ff-el-input--content'><input name=\"phone\" class=\"ff-el-form-control ff-el-phone\" type=\"tel\" placeholder=\"Mobilnummer\" data-name=\"phone\" id=\"ff_1_phone\" inputmode=\"tel\"  aria-invalid='false' aria-required=false><\/div><\/div><\/div><\/div><div class='ff-el-group'><div class=\"ff-el-input--label ff-el-is-required asterisk-right\"><label for='ff_1_message' id='label_ff_1_message' aria-label=\"Deine Nachricht\">Deine Nachricht<\/label><\/div><div class='ff-el-input--content'><textarea aria-required=\"true\" aria-labelledby=\"label_ff_1_message\" name=\"message\" id=\"ff_1_message\" class=\"ff-el-form-control\" placeholder=\"Deine Nachricht\" rows=\"4\" cols=\"2\" data-name=\"message\" ><\/textarea><\/div><\/div><div class='ff-el-group    ff-el-input--content'><div class='ff-el-form-check ff-el-tc'><label aria-label='Terms and Conditions: Sie erkl\u00e4ren sich damit einverstanden, dass Ihre Daten zur Bearbeitung Ihres Anliegens verarbeitet werden. Weitere Informationen finden Sie in unserer Datenschutzerkl\u00e4rung. Contains 1 link. Use tab navigation to review.' class='ff-el-form-check-label ff_tc_label' for=gdpr-agreement_92a464c2dd044877d69e192250116abc><span class='ff_tc_checkbox'><input type=\"checkbox\" name=\"gdpr-agreement\" class=\"ff-el-form-check-input ff_gdpr_field\" data-name=\"gdpr-agreement\" id=\"gdpr-agreement_92a464c2dd044877d69e192250116abc\"  value='on' aria-invalid='false' aria-required=true><\/span> <div class='ff_t_c'>Sie erkl\u00e4ren sich damit einverstanden, dass Ihre Daten zur Bearbeitung Ihres Anliegens verarbeitet werden. Weitere Informationen finden Sie in unserer <a href=\"\/datenschutz\" target=\"_blank\" rel=\"noopener\">Datenschutzerkl\u00e4rung<\/a>.<\/div><\/label><\/div><\/div><div class='ff-el-group ff-text-left ff_submit_btn_wrapper'><button type=\"submit\" class=\"ff-btn ff-btn-submit ff-btn-md ff_btn_no_style\"  aria-label=\"Absenden\">Absenden<\/button><\/div><\/fieldset><\/form><div id='fluentform_1_errors' class='ff-errors-in-stack ff_form_instance_1_1 ff-form-loading_errors ff_form_instance_1_1_errors'><\/div><\/div>            <script type=\"text\/javascript\">\n                window.fluent_form_ff_form_instance_1_1 = {\"id\":\"1\",\"ajaxUrl\":\"https:\\\/\\\/www.cabinwood.de\\\/wp-admin\\\/admin-ajax.php\",\"settings\":{\"layout\":{\"labelPlacement\":\"top\",\"helpMessagePlacement\":\"with_label\",\"errorMessagePlacement\":\"inline\",\"cssClassName\":\"\",\"asteriskPlacement\":\"asterisk-right\"},\"restrictions\":{\"denyEmptySubmission\":{\"enabled\":false}}},\"form_instance\":\"ff_form_instance_1_1\",\"form_id_selector\":\"fluentform_1\",\"rules\":{\"names[first_name]\":{\"required\":{\"value\":true,\"message\":\"Dieses Feld ist ein Pflichtfeld\",\"global\":false,\"global_message\":\"Dieses Feld ist erforderlich\"}},\"names[middle_name]\":{\"required\":{\"value\":false,\"message\":\"This field is required\",\"global\":false,\"global_message\":\"Dieses Feld ist erforderlich\"}},\"names[last_name]\":{\"required\":{\"value\":true,\"message\":\"Dieses Feld ist ein Pflichtfeld\",\"global\":false,\"global_message\":\"Dieses Feld ist erforderlich\"}},\"email\":{\"required\":{\"value\":true,\"message\":\"Dieses Feld ist ein Pflichtfeld\",\"global\":false,\"global_message\":\"Dieses Feld ist erforderlich\"},\"email\":{\"value\":true,\"message\":\"This field must contain a valid email\",\"global\":false,\"global_message\":\"Dieses Feld muss eine g\\u00fcltige E-Mail-Adresse enthalten\"}},\"phone\":{\"required\":{\"value\":false,\"global\":true,\"message\":\"Dieses Feld ist erforderlich\",\"global_message\":\"Dieses Feld ist erforderlich\"},\"valid_phone_number\":{\"value\":false,\"global\":true,\"message\":\"Telefonnummer ist ung\\u00fcltig\",\"global_message\":\"Telefonnummer ist ung\\u00fcltig\"}},\"message\":{\"required\":{\"value\":true,\"message\":\"Dieses Feld ist ein Pflichtfeld\",\"global\":false,\"global_message\":\"Dieses Feld ist erforderlich\"}},\"gdpr-agreement\":{\"required\":{\"value\":true,\"message\":\"Dieses Feld ist erforderlich\",\"global_message\":\"Dieses Feld ist erforderlich\",\"global\":true}}},\"debounce_time\":300};\n                            <\/script>\n                        <\/div>\n\n            \t\t\t\t<\/div>\n\t\t\t\t<\/div>\n\t\t\t\t<\/div>\n\t\t\t\t\t<\/div>\n\t\t\t\t<\/div>\n\t\t\t\t<\/div>\n\t\t","protected":false},"excerpt":{"rendered":"<p>Contact CABIN WOODRudolf-Marek-Str.14 | 09112 ChemnitzTel. 0152 2850 9664info@cabinwood.de Please use our contact form and also leave your telephone number.usually a short, personal conversation makes it easier ???? Contact form Subscribe First nameLast nameEmailSubjectYour message You agree that your data will be processed to handle your request. You can find further information in our privacy policy.send<\/p>","protected":false},"author":1,"featured_media":0,"parent":0,"menu_order":0,"comment_status":"closed","ping_status":"closed","template":"","meta":{"footnotes":""},"class_list":["post-9124","page","type-page","status-publish","hentry"],"yoast_head":"<!-- This site is optimized with the Yoast SEO plugin v27.4 - https:\/\/yoast.com\/product\/yoast-seo-wordpress\/ -->\n<title>Kontakt &#8211; Cabin Wood<\/title>\n<meta name=\"robots\" content=\"index, follow, max-snippet:-1, max-image-preview:large, max-video-preview:-1\" \/>\n<link rel=\"canonical\" href=\"https:\/\/www.cabinwood.de\/en\/contact\/\" \/>\n<meta property=\"og:locale\" content=\"en_GB\" \/>\n<meta property=\"og:type\" content=\"article\" \/>\n<meta property=\"og:title\" content=\"Kontakt &#8211; Cabin Wood\" \/>\n<meta property=\"og:description\" content=\"Kontakt CABIN WOODRudolf-Marek-Str.14 | 09112 ChemnitzTel. 0152 2850 9664info@cabinwood.de Bitte nutze unser Kontaktformular und hinterlasse auch deine Telefonnummer.Meist macht es ein kurzes, pers\u00f6nliches Gespr\u00e4ch gleich einfacher ???? Kontakt-Form Subscribe VornameNachnameE-MailBetreffDeine Nachricht Sie erkl\u00e4ren sich damit einverstanden, dass Ihre Daten zur Bearbeitung Ihres Anliegens verarbeitet werden. Weitere Informationen finden Sie in unserer Datenschutzerkl\u00e4rung.Absenden\" \/>\n<meta property=\"og:url\" content=\"https:\/\/www.cabinwood.de\/en\/contact\/\" \/>\n<meta property=\"og:site_name\" content=\"Cabin Wood\" \/>\n<meta property=\"article:modified_time\" content=\"2026-03-17T13:18:00+00:00\" \/>\n<meta property=\"og:image\" content=\"https:\/\/www.cabinwood.de\/wp-content\/uploads\/2017\/09\/cropped-cropped-CW_Logo_schwarz-e1535118874923-2.png\" \/>\n\t<meta property=\"og:image:width\" content=\"2000\" \/>\n\t<meta property=\"og:image:height\" content=\"2079\" \/>\n\t<meta property=\"og:image:type\" content=\"image\/png\" \/>\n<meta name=\"twitter:card\" content=\"summary_large_image\" \/>\n<script type=\"application\/ld+json\" class=\"yoast-schema-graph\">{\"@context\":\"https:\\\/\\\/schema.org\",\"@graph\":[{\"@type\":\"WebPage\",\"@id\":\"https:\\\/\\\/www.cabinwood.de\\\/kontakt\\\/\",\"url\":\"https:\\\/\\\/www.cabinwood.de\\\/kontakt\\\/\",\"name\":\"Kontakt &#8211; Cabin Wood\",\"isPartOf\":{\"@id\":\"https:\\\/\\\/www.cabinwood.de\\\/#website\"},\"datePublished\":\"2026-03-04T13:37:02+00:00\",\"dateModified\":\"2026-03-17T13:18:00+00:00\",\"breadcrumb\":{\"@id\":\"https:\\\/\\\/www.cabinwood.de\\\/kontakt\\\/#breadcrumb\"},\"inLanguage\":\"en-GB\",\"potentialAction\":[{\"@type\":\"ReadAction\",\"target\":[\"https:\\\/\\\/www.cabinwood.de\\\/kontakt\\\/\"]}]},{\"@type\":\"BreadcrumbList\",\"@id\":\"https:\\\/\\\/www.cabinwood.de\\\/kontakt\\\/#breadcrumb\",\"itemListElement\":[{\"@type\":\"ListItem\",\"position\":1,\"name\":\"Start\",\"item\":\"https:\\\/\\\/www.cabinwood.de\\\/\"},{\"@type\":\"ListItem\",\"position\":2,\"name\":\"Kontakt\"}]},{\"@type\":\"WebSite\",\"@id\":\"https:\\\/\\\/www.cabinwood.de\\\/#website\",\"url\":\"https:\\\/\\\/www.cabinwood.de\\\/\",\"name\":\"Cabin Wood\",\"description\":\"Mobile R\u00e4ume aus Holz.\",\"publisher\":{\"@id\":\"https:\\\/\\\/www.cabinwood.de\\\/#organization\"},\"alternateName\":\"Cabin Wood - Sascha Wagner\",\"potentialAction\":[{\"@type\":\"SearchAction\",\"target\":{\"@type\":\"EntryPoint\",\"urlTemplate\":\"https:\\\/\\\/www.cabinwood.de\\\/?s={search_term_string}\"},\"query-input\":{\"@type\":\"PropertyValueSpecification\",\"valueRequired\":true,\"valueName\":\"search_term_string\"}}],\"inLanguage\":\"en-GB\"},{\"@type\":\"Organization\",\"@id\":\"https:\\\/\\\/www.cabinwood.de\\\/#organization\",\"name\":\"Cabin Wood\",\"alternateName\":\"Cabin Wood - Sascha Wagner\",\"url\":\"https:\\\/\\\/www.cabinwood.de\\\/\",\"logo\":{\"@type\":\"ImageObject\",\"inLanguage\":\"en-GB\",\"@id\":\"https:\\\/\\\/www.cabinwood.de\\\/#\\\/schema\\\/logo\\\/image\\\/\",\"url\":\"https:\\\/\\\/www.cabinwood.de\\\/wp-content\\\/uploads\\\/2017\\\/09\\\/cropped-cropped-CW_Logo_schwarz-e1535118874923-2.png\",\"contentUrl\":\"https:\\\/\\\/www.cabinwood.de\\\/wp-content\\\/uploads\\\/2017\\\/09\\\/cropped-cropped-CW_Logo_schwarz-e1535118874923-2.png\",\"width\":2000,\"height\":2079,\"caption\":\"Cabin Wood\"},\"image\":{\"@id\":\"https:\\\/\\\/www.cabinwood.de\\\/#\\\/schema\\\/logo\\\/image\\\/\"},\"sameAs\":[\"https:\\\/\\\/www.instagram.com\\\/cabinwoodmodular\\\/\"]}]}<\/script>\n<!-- \/ Yoast SEO plugin. -->","yoast_head_json":{"title":"Contact - Cabin Wood","robots":{"index":"index","follow":"follow","max-snippet":"max-snippet:-1","max-image-preview":"max-image-preview:large","max-video-preview":"max-video-preview:-1"},"canonical":"https:\/\/www.cabinwood.de\/en\/contact\/","og_locale":"en_GB","og_type":"article","og_title":"Kontakt &#8211; Cabin Wood","og_description":"Kontakt CABIN WOODRudolf-Marek-Str.14 | 09112 ChemnitzTel. 0152 2850 9664info@cabinwood.de Bitte nutze unser Kontaktformular und hinterlasse auch deine Telefonnummer.Meist macht es ein kurzes, pers\u00f6nliches Gespr\u00e4ch gleich einfacher ???? Kontakt-Form Subscribe VornameNachnameE-MailBetreffDeine Nachricht Sie erkl\u00e4ren sich damit einverstanden, dass Ihre Daten zur Bearbeitung Ihres Anliegens verarbeitet werden. Weitere Informationen finden Sie in unserer Datenschutzerkl\u00e4rung.Absenden","og_url":"https:\/\/www.cabinwood.de\/en\/contact\/","og_site_name":"Cabin Wood","article_modified_time":"2026-03-17T13:18:00+00:00","og_image":[{"width":2000,"height":2079,"url":"https:\/\/www.cabinwood.de\/wp-content\/uploads\/2017\/09\/cropped-cropped-CW_Logo_schwarz-e1535118874923-2.png","type":"image\/png"}],"twitter_card":"summary_large_image","schema":{"@context":"https:\/\/schema.org","@graph":[{"@type":"WebPage","@id":"https:\/\/www.cabinwood.de\/kontakt\/","url":"https:\/\/www.cabinwood.de\/kontakt\/","name":"Contact - Cabin Wood","isPartOf":{"@id":"https:\/\/www.cabinwood.de\/#website"},"datePublished":"2026-03-04T13:37:02+00:00","dateModified":"2026-03-17T13:18:00+00:00","breadcrumb":{"@id":"https:\/\/www.cabinwood.de\/kontakt\/#breadcrumb"},"inLanguage":"en-GB","potentialAction":[{"@type":"ReadAction","target":["https:\/\/www.cabinwood.de\/kontakt\/"]}]},{"@type":"BreadcrumbList","@id":"https:\/\/www.cabinwood.de\/kontakt\/#breadcrumb","itemListElement":[{"@type":"ListItem","position":1,"name":"Start","item":"https:\/\/www.cabinwood.de\/"},{"@type":"ListItem","position":2,"name":"Kontakt"}]},{"@type":"WebSite","@id":"https:\/\/www.cabinwood.de\/#website","url":"https:\/\/www.cabinwood.de\/","name":"Cabin Wood","description":"Mobile rooms made of wood.","publisher":{"@id":"https:\/\/www.cabinwood.de\/#organization"},"alternateName":"Cabin Wood - Sascha Wagner","potentialAction":[{"@type":"SearchAction","target":{"@type":"EntryPoint","urlTemplate":"https:\/\/www.cabinwood.de\/?s={search_term_string}"},"query-input":{"@type":"PropertyValueSpecification","valueRequired":true,"valueName":"search_term_string"}}],"inLanguage":"en-GB"},{"@type":"Organization","@id":"https:\/\/www.cabinwood.de\/#organization","name":"Cabin Wood","alternateName":"Cabin Wood - Sascha Wagner","url":"https:\/\/www.cabinwood.de\/","logo":{"@type":"ImageObject","inLanguage":"en-GB","@id":"https:\/\/www.cabinwood.de\/#\/schema\/logo\/image\/","url":"https:\/\/www.cabinwood.de\/wp-content\/uploads\/2017\/09\/cropped-cropped-CW_Logo_schwarz-e1535118874923-2.png","contentUrl":"https:\/\/www.cabinwood.de\/wp-content\/uploads\/2017\/09\/cropped-cropped-CW_Logo_schwarz-e1535118874923-2.png","width":2000,"height":2079,"caption":"Cabin Wood"},"image":{"@id":"https:\/\/www.cabinwood.de\/#\/schema\/logo\/image\/"},"sameAs":["https:\/\/www.instagram.com\/cabinwoodmodular\/"]}]}},"_links":{"self":[{"href":"https:\/\/www.cabinwood.de\/en\/wp-json\/wp\/v2\/pages\/9124","targetHints":{"allow":["GET"]}}],"collection":[{"href":"https:\/\/www.cabinwood.de\/en\/wp-json\/wp\/v2\/pages"}],"about":[{"href":"https:\/\/www.cabinwood.de\/en\/wp-json\/wp\/v2\/types\/page"}],"author":[{"embeddable":true,"href":"https:\/\/www.cabinwood.de\/en\/wp-json\/wp\/v2\/users\/1"}],"replies":[{"embeddable":true,"href":"https:\/\/www.cabinwood.de\/en\/wp-json\/wp\/v2\/comments?post=9124"}],"version-history":[{"count":19,"href":"https:\/\/www.cabinwood.de\/en\/wp-json\/wp\/v2\/pages\/9124\/revisions"}],"predecessor-version":[{"id":9305,"href":"https:\/\/www.cabinwood.de\/en\/wp-json\/wp\/v2\/pages\/9124\/revisions\/9305"}],"wp:attachment":[{"href":"https:\/\/www.cabinwood.de\/en\/wp-json\/wp\/v2\/media?parent=9124"}],"curies":[{"name":"wp","href":"https:\/\/api.w.org\/{rel}","templated":true}]}}