{"id":9073,"date":"2026-03-03T15:20:13","date_gmt":"2026-03-03T15:20:13","guid":{"rendered":"https:\/\/www.cabinwood.de\/?page_id=9073"},"modified":"2026-03-12T14:22:51","modified_gmt":"2026-03-12T13:22:51","slug":"rent","status":"publish","type":"page","link":"https:\/\/www.cabinwood.de\/en\/mieten\/","title":{"rendered":"Rent"},"content":{"rendered":"<div data-elementor-type=\"wp-page\" data-elementor-id=\"9073\" class=\"elementor elementor-9073\" data-elementor-post-type=\"page\">\n\t\t\t\t<div class=\"elementor-element elementor-element-84aab67 e-flex e-con-boxed e-con e-parent\" data-id=\"84aab67\" data-element_type=\"container\" data-e-type=\"container\" data-settings=\"{&quot;background_background&quot;:&quot;classic&quot;}\">\n\t\t\t\t\t<div class=\"e-con-inner\">\n\t\t\t\t<div class=\"elementor-element elementor-element-def551b elementor-hidden-desktop elementor-widget elementor-widget-spacer\" data-id=\"def551b\" data-element_type=\"widget\" data-e-type=\"widget\" data-widget_type=\"spacer.default\">\n\t\t\t\t\t\t\t<div class=\"elementor-spacer\">\n\t\t\t<div class=\"elementor-spacer-inner\"><\/div>\n\t\t<\/div>\n\t\t\t\t\t\t<\/div>\n\t\t\t\t<div class=\"elementor-element elementor-element-88bd63c elementor-widget elementor-widget-heading\" data-id=\"88bd63c\" data-element_type=\"widget\" data-e-type=\"widget\" data-widget_type=\"heading.default\">\n\t\t\t\t\t<h1 class=\"elementor-heading-title elementor-size-default\">Ecological rental modules<\/h1>\t\t\t\t<\/div>\n\t\t\t\t\t<\/div>\n\t\t\t\t<\/div>\n\t\t<div class=\"elementor-element elementor-element-3e784fc e-flex e-con-boxed e-con e-parent\" data-id=\"3e784fc\" data-element_type=\"container\" data-e-type=\"container\">\n\t\t\t\t\t<div class=\"e-con-inner\">\n\t\t<div class=\"elementor-element elementor-element-f647bfc e-con-full e-flex e-con e-child\" data-id=\"f647bfc\" data-element_type=\"container\" data-e-type=\"container\">\n\t\t\t\t<div class=\"elementor-element elementor-element-ef1d82a elementor-widget elementor-widget-text-editor\" data-id=\"ef1d82a\" data-element_type=\"widget\" data-e-type=\"widget\" data-widget_type=\"text-editor.default\">\n\t\t\t\t\t\t\t\t\t<p>With the option of renting Cabin Wood modules, we make ecological space solutions possible on a temporary basis. The customised production makes them an attractive alternative to conventional containers.<\/p>\n<p>Cabin Wood rental modules can be used as showrooms for representative purposes, space for interim solutions, your own home office in the garden, or as an additional guest room.<\/p>\t\t\t\t\t\t\t\t<\/div>\n\t\t\t\t<div class=\"elementor-element elementor-element-c872d70 elementor-widget elementor-widget-button\" data-id=\"c872d70\" data-element_type=\"widget\" data-e-type=\"widget\" data-widget_type=\"button.default\">\n\t\t\t\t\t\t\t\t\t\t<a class=\"elementor-button elementor-button-link elementor-size-sm\" href=\"https:\/\/www.cabinwood.de\/en\/contact\/\">\n\t\t\t\t\t\t<span class=\"elementor-button-content-wrapper\">\n\t\t\t\t\t\t\t\t\t<span class=\"elementor-button-text\">Enquire now<\/span>\n\t\t\t\t\t<\/span>\n\t\t\t\t\t<\/a>\n\t\t\t\t\t\t\t\t<\/div>\n\t\t\t\t<\/div>\n\t\t\t\t\t<\/div>\n\t\t\t\t<\/div>\n\t\t<div class=\"elementor-element elementor-element-96adcde e-flex e-con-boxed e-con e-parent\" data-id=\"96adcde\" data-element_type=\"container\" data-e-type=\"container\" data-settings=\"{&quot;background_background&quot;:&quot;classic&quot;}\">\n\t\t\t\t\t<div class=\"e-con-inner\">\n\t\t\t\t\t<\/div>\n\t\t\t\t<\/div>\n\t\t<div class=\"elementor-element elementor-element-59e9ce5 e-flex e-con-boxed e-con e-parent\" data-id=\"59e9ce5\" data-element_type=\"container\" data-e-type=\"container\">\n\t\t\t\t\t<div class=\"e-con-inner\">\n\t\t<div class=\"elementor-element elementor-element-39dd2a7 e-con-full e-flex e-con e-child\" data-id=\"39dd2a7\" data-element_type=\"container\" data-e-type=\"container\">\n\t\t<div class=\"elementor-element elementor-element-229e666 e-con-full e-flex e-con e-child\" data-id=\"229e666\" data-element_type=\"container\" data-e-type=\"container\">\n\t\t\t\t<div class=\"elementor-element elementor-element-d32343d elementor-widget elementor-widget-text-editor\" data-id=\"d32343d\" data-element_type=\"widget\" data-e-type=\"widget\" data-widget_type=\"text-editor.default\">\n\t\t\t\t\t\t\t\t\t<p>Our rental modules are available unfurnished or fully furnished on request. We develop exclusive interior concepts to match the project and design high-quality, healthy spaces.<\/p>\t\t\t\t\t\t\t\t<\/div>\n\t\t\t\t<div class=\"elementor-element elementor-element-67a2731 elementor-widget elementor-widget-button\" data-id=\"67a2731\" data-element_type=\"widget\" data-e-type=\"widget\" data-widget_type=\"button.default\">\n\t\t\t\t\t\t\t\t\t\t<a class=\"elementor-button elementor-button-link elementor-size-sm\" href=\"https:\/\/www.cabinwood.de\/en\/contact\/\">\n\t\t\t\t\t\t<span class=\"elementor-button-content-wrapper\">\n\t\t\t\t\t\t\t\t\t<span class=\"elementor-button-text\">Enquire now<\/span>\n\t\t\t\t\t<\/span>\n\t\t\t\t\t<\/a>\n\t\t\t\t\t\t\t\t<\/div>\n\t\t\t\t<\/div>\n\t\t<div class=\"elementor-element elementor-element-535c380 e-con-full e-flex e-con e-child\" data-id=\"535c380\" data-element_type=\"container\" data-e-type=\"container\">\n\t\t\t\t<div class=\"elementor-element elementor-element-29d3141 elementor-widget elementor-widget-image\" data-id=\"29d3141\" data-element_type=\"widget\" data-e-type=\"widget\" data-widget_type=\"image.default\">\n\t\t\t\t\t\t\t\t\t\t\t\t\t\t\t<img fetchpriority=\"high\" decoding=\"async\" width=\"427\" height=\"640\" src=\"https:\/\/www.cabinwood.de\/wp-content\/uploads\/2023\/07\/img_8776.jpg\" class=\"attachment-medium_large size-medium_large wp-image-8907\" alt=\"\" srcset=\"https:\/\/www.cabinwood.de\/wp-content\/uploads\/2023\/07\/img_8776.jpg 427w, https:\/\/www.cabinwood.de\/wp-content\/uploads\/2023\/07\/img_8776-200x300.jpg 200w\" sizes=\"(max-width: 427px) 100vw, 427px\" \/>\t\t\t\t\t\t\t\t\t\t\t\t\t\t\t<\/div>\n\t\t\t\t<\/div>\n\t\t\t\t<\/div>\n\t\t\t\t\t<\/div>\n\t\t\t\t<\/div>\n\t\t\t\t<\/div>","protected":false},"excerpt":{"rendered":"<p>\u00d6kologische Mietmodule Mit der Option, Cabin Wood-Module zu mieten, erm\u00f6glichen wir \u00f6kologische Rauml\u00f6sungen auf Zeit. Durch die individuelle Fertigung, stellen sie eine sch\u00f6ne Alternative zu herk\u00f6mmlichen Containern dar. Cabin Wood Mietmodule k\u00f6nnen als Showrooms f\u00fcr repr\u00e4sentative Zwecke, Raum f\u00fcr Zwischenl\u00f6sungen, das eigene Homeoffice im Garten, oder als zus\u00e4tzliches G\u00e4stezimmer genutzt werden. Jetzt anfragen Unsere Mietmodule [&hellip;]<\/p>\n","protected":false},"author":1,"featured_media":0,"parent":0,"menu_order":0,"comment_status":"closed","ping_status":"closed","template":"","meta":{"footnotes":""},"class_list":["post-9073","page","type-page","status-publish","hentry"],"yoast_head":"<!-- This site is optimized with the Yoast SEO plugin v27.4 - https:\/\/yoast.com\/product\/yoast-seo-wordpress\/ -->\n<title>Mieten &#8211; Cabin Wood<\/title>\n<meta name=\"robots\" content=\"index, follow, max-snippet:-1, max-image-preview:large, max-video-preview:-1\" \/>\n<link rel=\"canonical\" href=\"https:\/\/www.cabinwood.de\/en\/rent\/\" \/>\n<meta property=\"og:locale\" content=\"en_GB\" \/>\n<meta property=\"og:type\" content=\"article\" \/>\n<meta property=\"og:title\" content=\"Mieten &#8211; Cabin Wood\" \/>\n<meta property=\"og:description\" content=\"\u00d6kologische Mietmodule Mit der Option, Cabin Wood-Module zu mieten, erm\u00f6glichen wir \u00f6kologische Rauml\u00f6sungen auf Zeit. Durch die individuelle Fertigung, stellen sie eine sch\u00f6ne Alternative zu herk\u00f6mmlichen Containern dar. Cabin Wood Mietmodule k\u00f6nnen als Showrooms f\u00fcr repr\u00e4sentative Zwecke, Raum f\u00fcr Zwischenl\u00f6sungen, das eigene Homeoffice im Garten, oder als zus\u00e4tzliches G\u00e4stezimmer genutzt werden. Jetzt anfragen Unsere Mietmodule [&hellip;]\" \/>\n<meta property=\"og:url\" content=\"https:\/\/www.cabinwood.de\/en\/rent\/\" \/>\n<meta property=\"og:site_name\" content=\"Cabin Wood\" \/>\n<meta property=\"article:modified_time\" content=\"2026-03-12T13:22:51+00:00\" \/>\n<meta property=\"og:image\" content=\"https:\/\/www.cabinwood.de\/wp-content\/uploads\/2023\/07\/img_8776.jpg\" \/>\n<meta name=\"twitter:card\" content=\"summary_large_image\" \/>\n<script type=\"application\/ld+json\" class=\"yoast-schema-graph\">{\"@context\":\"https:\\\/\\\/schema.org\",\"@graph\":[{\"@type\":\"WebPage\",\"@id\":\"https:\\\/\\\/www.cabinwood.de\\\/mieten\\\/\",\"url\":\"https:\\\/\\\/www.cabinwood.de\\\/mieten\\\/\",\"name\":\"Mieten &#8211; Cabin Wood\",\"isPartOf\":{\"@id\":\"https:\\\/\\\/www.cabinwood.de\\\/#website\"},\"primaryImageOfPage\":{\"@id\":\"https:\\\/\\\/www.cabinwood.de\\\/mieten\\\/#primaryimage\"},\"image\":{\"@id\":\"https:\\\/\\\/www.cabinwood.de\\\/mieten\\\/#primaryimage\"},\"thumbnailUrl\":\"https:\\\/\\\/www.cabinwood.de\\\/wp-content\\\/uploads\\\/2023\\\/07\\\/img_8776.jpg\",\"datePublished\":\"2026-03-03T15:20:13+00:00\",\"dateModified\":\"2026-03-12T13:22:51+00:00\",\"breadcrumb\":{\"@id\":\"https:\\\/\\\/www.cabinwood.de\\\/mieten\\\/#breadcrumb\"},\"inLanguage\":\"en-GB\",\"potentialAction\":[{\"@type\":\"ReadAction\",\"target\":[\"https:\\\/\\\/www.cabinwood.de\\\/mieten\\\/\"]}]},{\"@type\":\"ImageObject\",\"inLanguage\":\"en-GB\",\"@id\":\"https:\\\/\\\/www.cabinwood.de\\\/mieten\\\/#primaryimage\",\"url\":\"https:\\\/\\\/www.cabinwood.de\\\/wp-content\\\/uploads\\\/2023\\\/07\\\/img_8776.jpg\",\"contentUrl\":\"https:\\\/\\\/www.cabinwood.de\\\/wp-content\\\/uploads\\\/2023\\\/07\\\/img_8776.jpg\"},{\"@type\":\"BreadcrumbList\",\"@id\":\"https:\\\/\\\/www.cabinwood.de\\\/mieten\\\/#breadcrumb\",\"itemListElement\":[{\"@type\":\"ListItem\",\"position\":1,\"name\":\"Start\",\"item\":\"https:\\\/\\\/www.cabinwood.de\\\/\"},{\"@type\":\"ListItem\",\"position\":2,\"name\":\"Mieten\"}]},{\"@type\":\"WebSite\",\"@id\":\"https:\\\/\\\/www.cabinwood.de\\\/#website\",\"url\":\"https:\\\/\\\/www.cabinwood.de\\\/\",\"name\":\"Cabin Wood\",\"description\":\"Mobile R\u00e4ume aus Holz.\",\"publisher\":{\"@id\":\"https:\\\/\\\/www.cabinwood.de\\\/#organization\"},\"alternateName\":\"Cabin Wood - Sascha Wagner\",\"potentialAction\":[{\"@type\":\"SearchAction\",\"target\":{\"@type\":\"EntryPoint\",\"urlTemplate\":\"https:\\\/\\\/www.cabinwood.de\\\/?s={search_term_string}\"},\"query-input\":{\"@type\":\"PropertyValueSpecification\",\"valueRequired\":true,\"valueName\":\"search_term_string\"}}],\"inLanguage\":\"en-GB\"},{\"@type\":\"Organization\",\"@id\":\"https:\\\/\\\/www.cabinwood.de\\\/#organization\",\"name\":\"Cabin Wood\",\"alternateName\":\"Cabin Wood - Sascha Wagner\",\"url\":\"https:\\\/\\\/www.cabinwood.de\\\/\",\"logo\":{\"@type\":\"ImageObject\",\"inLanguage\":\"en-GB\",\"@id\":\"https:\\\/\\\/www.cabinwood.de\\\/#\\\/schema\\\/logo\\\/image\\\/\",\"url\":\"https:\\\/\\\/www.cabinwood.de\\\/wp-content\\\/uploads\\\/2017\\\/09\\\/cropped-cropped-CW_Logo_schwarz-e1535118874923-2.png\",\"contentUrl\":\"https:\\\/\\\/www.cabinwood.de\\\/wp-content\\\/uploads\\\/2017\\\/09\\\/cropped-cropped-CW_Logo_schwarz-e1535118874923-2.png\",\"width\":2000,\"height\":2079,\"caption\":\"Cabin Wood\"},\"image\":{\"@id\":\"https:\\\/\\\/www.cabinwood.de\\\/#\\\/schema\\\/logo\\\/image\\\/\"},\"sameAs\":[\"https:\\\/\\\/www.instagram.com\\\/cabinwoodmodular\\\/\"]}]}<\/script>\n<!-- \/ Yoast SEO plugin. -->","yoast_head_json":{"title":"Rent - Cabin Wood","robots":{"index":"index","follow":"follow","max-snippet":"max-snippet:-1","max-image-preview":"max-image-preview:large","max-video-preview":"max-video-preview:-1"},"canonical":"https:\/\/www.cabinwood.de\/en\/rent\/","og_locale":"en_GB","og_type":"article","og_title":"Mieten &#8211; Cabin Wood","og_description":"\u00d6kologische Mietmodule Mit der Option, Cabin Wood-Module zu mieten, erm\u00f6glichen wir \u00f6kologische Rauml\u00f6sungen auf Zeit. Durch die individuelle Fertigung, stellen sie eine sch\u00f6ne Alternative zu herk\u00f6mmlichen Containern dar. Cabin Wood Mietmodule k\u00f6nnen als Showrooms f\u00fcr repr\u00e4sentative Zwecke, Raum f\u00fcr Zwischenl\u00f6sungen, das eigene Homeoffice im Garten, oder als zus\u00e4tzliches G\u00e4stezimmer genutzt werden. Jetzt anfragen Unsere Mietmodule [&hellip;]","og_url":"https:\/\/www.cabinwood.de\/en\/rent\/","og_site_name":"Cabin Wood","article_modified_time":"2026-03-12T13:22:51+00:00","og_image":[{"url":"https:\/\/www.cabinwood.de\/wp-content\/uploads\/2023\/07\/img_8776.jpg","type":"","width":"","height":""}],"twitter_card":"summary_large_image","schema":{"@context":"https:\/\/schema.org","@graph":[{"@type":"WebPage","@id":"https:\/\/www.cabinwood.de\/mieten\/","url":"https:\/\/www.cabinwood.de\/mieten\/","name":"Rent - Cabin Wood","isPartOf":{"@id":"https:\/\/www.cabinwood.de\/#website"},"primaryImageOfPage":{"@id":"https:\/\/www.cabinwood.de\/mieten\/#primaryimage"},"image":{"@id":"https:\/\/www.cabinwood.de\/mieten\/#primaryimage"},"thumbnailUrl":"https:\/\/www.cabinwood.de\/wp-content\/uploads\/2023\/07\/img_8776.jpg","datePublished":"2026-03-03T15:20:13+00:00","dateModified":"2026-03-12T13:22:51+00:00","breadcrumb":{"@id":"https:\/\/www.cabinwood.de\/mieten\/#breadcrumb"},"inLanguage":"en-GB","potentialAction":[{"@type":"ReadAction","target":["https:\/\/www.cabinwood.de\/mieten\/"]}]},{"@type":"ImageObject","inLanguage":"en-GB","@id":"https:\/\/www.cabinwood.de\/mieten\/#primaryimage","url":"https:\/\/www.cabinwood.de\/wp-content\/uploads\/2023\/07\/img_8776.jpg","contentUrl":"https:\/\/www.cabinwood.de\/wp-content\/uploads\/2023\/07\/img_8776.jpg"},{"@type":"BreadcrumbList","@id":"https:\/\/www.cabinwood.de\/mieten\/#breadcrumb","itemListElement":[{"@type":"ListItem","position":1,"name":"Start","item":"https:\/\/www.cabinwood.de\/"},{"@type":"ListItem","position":2,"name":"Mieten"}]},{"@type":"WebSite","@id":"https:\/\/www.cabinwood.de\/#website","url":"https:\/\/www.cabinwood.de\/","name":"Cabin Wood","description":"Mobile rooms made of wood.","publisher":{"@id":"https:\/\/www.cabinwood.de\/#organization"},"alternateName":"Cabin Wood - Sascha Wagner","potentialAction":[{"@type":"SearchAction","target":{"@type":"EntryPoint","urlTemplate":"https:\/\/www.cabinwood.de\/?s={search_term_string}"},"query-input":{"@type":"PropertyValueSpecification","valueRequired":true,"valueName":"search_term_string"}}],"inLanguage":"en-GB"},{"@type":"Organization","@id":"https:\/\/www.cabinwood.de\/#organization","name":"Cabin Wood","alternateName":"Cabin Wood - Sascha Wagner","url":"https:\/\/www.cabinwood.de\/","logo":{"@type":"ImageObject","inLanguage":"en-GB","@id":"https:\/\/www.cabinwood.de\/#\/schema\/logo\/image\/","url":"https:\/\/www.cabinwood.de\/wp-content\/uploads\/2017\/09\/cropped-cropped-CW_Logo_schwarz-e1535118874923-2.png","contentUrl":"https:\/\/www.cabinwood.de\/wp-content\/uploads\/2017\/09\/cropped-cropped-CW_Logo_schwarz-e1535118874923-2.png","width":2000,"height":2079,"caption":"Cabin Wood"},"image":{"@id":"https:\/\/www.cabinwood.de\/#\/schema\/logo\/image\/"},"sameAs":["https:\/\/www.instagram.com\/cabinwoodmodular\/"]}]}},"_links":{"self":[{"href":"https:\/\/www.cabinwood.de\/en\/wp-json\/wp\/v2\/pages\/9073","targetHints":{"allow":["GET"]}}],"collection":[{"href":"https:\/\/www.cabinwood.de\/en\/wp-json\/wp\/v2\/pages"}],"about":[{"href":"https:\/\/www.cabinwood.de\/en\/wp-json\/wp\/v2\/types\/page"}],"author":[{"embeddable":true,"href":"https:\/\/www.cabinwood.de\/en\/wp-json\/wp\/v2\/users\/1"}],"replies":[{"embeddable":true,"href":"https:\/\/www.cabinwood.de\/en\/wp-json\/wp\/v2\/comments?post=9073"}],"version-history":[{"count":16,"href":"https:\/\/www.cabinwood.de\/en\/wp-json\/wp\/v2\/pages\/9073\/revisions"}],"predecessor-version":[{"id":9284,"href":"https:\/\/www.cabinwood.de\/en\/wp-json\/wp\/v2\/pages\/9073\/revisions\/9284"}],"wp:attachment":[{"href":"https:\/\/www.cabinwood.de\/en\/wp-json\/wp\/v2\/media?parent=9073"}],"curies":[{"name":"wp","href":"https:\/\/api.w.org\/{rel}","templated":true}]}}